{"id":5014,"date":"2026-01-23T12:34:02","date_gmt":"2026-01-23T11:34:02","guid":{"rendered":"https:\/\/steffi-luka.de\/?page_id=5014"},"modified":"2026-01-27T13:21:46","modified_gmt":"2026-01-27T12:21:46","slug":"videos","status":"publish","type":"page","link":"https:\/\/steffi-luka.de\/en\/videos\/","title":{"rendered":"Videos"},"content":{"rendered":"<p><\/p>\n\n\n\n<figure class=\"wp-block-embed is-type-video is-provider-youtube wp-block-embed-youtube wp-embed-aspect-16-9 wp-has-aspect-ratio\"><div class=\"wp-block-embed__wrapper\">\n<iframe title=\"Tanzania 2020 Guides Edition Part 1\" width=\"500\" height=\"281\" src=\"https:\/\/www.youtube.com\/embed\/D6B-LEsg1XA?feature=oembed\" frameborder=\"0\" allow=\"accelerometer; autoplay; clipboard-write; encrypted-media; gyroscope; picture-in-picture; web-share\" referrerpolicy=\"strict-origin-when-cross-origin\" allowfullscreen><\/iframe>\n<\/div><figcaption class=\"wp-element-caption\">Unsere Safari beginnt entspannt mit einem Gamedrive im Arusha Nationalpark, bevor wir am n\u00e4chsten Tag von unserem Guide Yuda und unserem Koch Joakim abgeholt werden und uns auf den Weg in den Westen Tansanias machen. Hier erwarten uns sowohl wundersch\u00f6ne Nationalparks wie Tarangire und Manyara mit all ihren Tieren und herrlichen Landschaften, als auch unerwartete abenteuerliche Fahrten mit unserem Landrover, denn die Regenzeit kam viel zu fr\u00fch und heftig. Schlie\u00dflich bleiben wir auf der Fahrt zu unserem Ausgangspunkt einer 3-t\u00e4gigen Wanderung mit unserem Fahrzeug stecken, und das weit entfernt jeglicher Zivilisation zwischen Ngorongoro Krater und Empakaai Krater, unmittelbar neben einem Massaidorf.<\/figcaption><\/figure>\n\n\n<style>.wp-block-kadence-spacer.kt-block-spacer-5014_72f0a5-03 .kt-block-spacer{height:60px;}.wp-block-kadence-spacer.kt-block-spacer-5014_72f0a5-03 .kt-divider{border-top-width:1px;height:1px;border-top-color:#d4d0d0;width:80%;border-top-style:solid;}<\/style>\n<div class=\"wp-block-kadence-spacer aligncenter kt-block-spacer-5014_72f0a5-03\"><div class=\"kt-block-spacer kt-block-spacer-halign-center\"><\/div><\/div>\n\n\n\n<figure class=\"wp-block-embed is-type-video is-provider-youtube wp-block-embed-youtube wp-embed-aspect-16-9 wp-has-aspect-ratio\"><div class=\"wp-block-embed__wrapper\">\n<iframe title=\"Tanzania 2020 Guides Edition Part 2\" width=\"500\" height=\"281\" src=\"https:\/\/www.youtube.com\/embed\/njNEfcxGyIk?feature=oembed\" frameborder=\"0\" allow=\"accelerometer; autoplay; clipboard-write; encrypted-media; gyroscope; picture-in-picture; web-share\" referrerpolicy=\"strict-origin-when-cross-origin\" allowfullscreen><\/iframe>\n<\/div><figcaption class=\"wp-element-caption\">Nach unserem abenteuerlichen Tag in der Steppe festsitzend, beginnt unsere Wanderung am n\u00e4chsten Morgen schlie\u00dflich verk\u00fcrzt, und zwar auf dem Kraterrand des Empakaai. Mit einem Massai steigen David und ich die 300 Meter hohe Kraterwand ab zum See am Boden des Kraters, bevor es schlie\u00dflich den ostafrikanischen Grabenbruch entlang in Richtung Lake Natron weitergeht. Wir wandern vorbei am heiligen Vulkan der Massai, dem Ol Doinyo Lengai, und treffen unterwegs viele Massai des Dorfes Nayobi, die uns teilweise auf unserem wundersch\u00f6nen Weg ins Akazien-Camp begleiten.<\/figcaption><\/figure>\n\n\n<style>.wp-block-kadence-spacer.kt-block-spacer-5014_b7a8a3-45 .kt-block-spacer{height:60px;}.wp-block-kadence-spacer.kt-block-spacer-5014_b7a8a3-45 .kt-divider{border-top-width:1px;height:1px;border-top-color:#eee;width:80%;border-top-style:solid;}<\/style>\n<div class=\"wp-block-kadence-spacer aligncenter kt-block-spacer-5014_b7a8a3-45\"><div class=\"kt-block-spacer kt-block-spacer-halign-center\"><\/div><\/div>\n\n\n\n<figure class=\"wp-block-embed is-type-video is-provider-youtube wp-block-embed-youtube wp-embed-aspect-16-9 wp-has-aspect-ratio\"><div class=\"wp-block-embed__wrapper\">\n<iframe title=\"Tanzania 2020 Guides Edition Part 3\" width=\"500\" height=\"281\" src=\"https:\/\/www.youtube.com\/embed\/_C_yOfOTz3c?feature=oembed\" frameborder=\"0\" allow=\"accelerometer; autoplay; clipboard-write; encrypted-media; gyroscope; picture-in-picture; web-share\" referrerpolicy=\"strict-origin-when-cross-origin\" allowfullscreen><\/iframe>\n<\/div><figcaption class=\"wp-element-caption\">Die Regenzeit hat uns voll im Griff auf unseren Game Drives in der Serengeti, mit haarstr\u00e4ubende Fluss\u00fcberquerungen und teilweise unpassierbaren Wegen. Die bezaubernde Tierwelt st\u00f6rt das Wetter nat\u00fcrlich \u00fcberhaupt nicht, und im Ngorongoro Krater d\u00fcrfen wir L\u00f6wen hautnah erleben. Zum Schluss besuchen wir noch einen Hadzabe Stamm und die Dakota Tribes nahe des Lake Eyasi.&nbsp;<\/figcaption><\/figure>\n\n\n<style>.wp-block-kadence-spacer.kt-block-spacer-5014_3349b7-96 .kt-block-spacer{height:60px;}.wp-block-kadence-spacer.kt-block-spacer-5014_3349b7-96 .kt-divider{border-top-width:1px;height:1px;border-top-color:#eee;width:80%;border-top-style:solid;}<\/style>\n<div class=\"wp-block-kadence-spacer aligncenter kt-block-spacer-5014_3349b7-96\"><div class=\"kt-block-spacer kt-block-spacer-halign-center\"><hr class=\"kt-divider\"\/><\/div><\/div>\n\n\n\n<figure class=\"wp-block-embed is-type-video is-provider-youtube wp-block-embed-youtube wp-embed-aspect-16-9 wp-has-aspect-ratio\"><div class=\"wp-block-embed__wrapper\">\n<iframe title=\"David und ich auf dem Kilimanjaro 2017\" width=\"500\" height=\"281\" src=\"https:\/\/www.youtube.com\/embed\/GxLw7LA8otI?feature=oembed\" frameborder=\"0\" allow=\"accelerometer; autoplay; clipboard-write; encrypted-media; gyroscope; picture-in-picture; web-share\" referrerpolicy=\"strict-origin-when-cross-origin\" allowfullscreen><\/iframe>\n<\/div><figcaption class=\"wp-element-caption\">After David and I met indirectly through Kilimanjaro in 2013, we decided to climb Africa&#8217;s highest freestanding mountain together again in 2017. I have climbed the mountain twice before, but this time it was truly challenging for me.<\/figcaption><\/figure>\n\n\n\n<p><\/p>","protected":false},"excerpt":{"rendered":"","protected":false},"author":1,"featured_media":0,"parent":0,"menu_order":0,"comment_status":"closed","ping_status":"closed","template":"","meta":{"site-sidebar-layout":"default","site-content-layout":"","ast-site-content-layout":"default","site-content-style":"default","site-sidebar-style":"default","ast-global-header-display":"","ast-banner-title-visibility":"","ast-main-header-display":"","ast-hfb-above-header-display":"","ast-hfb-below-header-display":"","ast-hfb-mobile-header-display":"","site-post-title":"","ast-breadcrumbs-content":"","ast-featured-img":"","footer-sml-layout":"","ast-disable-related-posts":"","theme-transparent-header-meta":"","adv-header-id-meta":"","stick-header-meta":"","header-above-stick-meta":"","header-main-stick-meta":"","header-below-stick-meta":"","astra-migrate-meta-layouts":"set","ast-page-background-enabled":"default","ast-page-background-meta":{"desktop":{"background-color":"var(--ast-global-color-4)","background-image":"","background-repeat":"repeat","background-position":"center center","background-size":"auto","background-attachment":"scroll","background-type":"","background-media":"","overlay-type":"","overlay-color":"","overlay-opacity":"","overlay-gradient":""},"tablet":{"background-color":"","background-image":"","background-repeat":"repeat","background-position":"center center","background-size":"auto","background-attachment":"scroll","background-type":"","background-media":"","overlay-type":"","overlay-color":"","overlay-opacity":"","overlay-gradient":""},"mobile":{"background-color":"","background-image":"","background-repeat":"repeat","background-position":"center center","background-size":"auto","background-attachment":"scroll","background-type":"","background-media":"","overlay-type":"","overlay-color":"","overlay-opacity":"","overlay-gradient":""}},"ast-content-background-meta":{"desktop":{"background-color":"var(--ast-global-color-5)","background-image":"","background-repeat":"repeat","background-position":"center center","background-size":"auto","background-attachment":"scroll","background-type":"","background-media":"","overlay-type":"","overlay-color":"","overlay-opacity":"","overlay-gradient":""},"tablet":{"background-color":"var(--ast-global-color-5)","background-image":"","background-repeat":"repeat","background-position":"center center","background-size":"auto","background-attachment":"scroll","background-type":"","background-media":"","overlay-type":"","overlay-color":"","overlay-opacity":"","overlay-gradient":""},"mobile":{"background-color":"var(--ast-global-color-5)","background-image":"","background-repeat":"repeat","background-position":"center center","background-size":"auto","background-attachment":"scroll","background-type":"","background-media":"","overlay-type":"","overlay-color":"","overlay-opacity":"","overlay-gradient":""}},"footnotes":""},"class_list":["post-5014","page","type-page","status-publish","hentry"],"_links":{"self":[{"href":"https:\/\/steffi-luka.de\/en\/wp-json\/wp\/v2\/pages\/5014","targetHints":{"allow":["GET"]}}],"collection":[{"href":"https:\/\/steffi-luka.de\/en\/wp-json\/wp\/v2\/pages"}],"about":[{"href":"https:\/\/steffi-luka.de\/en\/wp-json\/wp\/v2\/types\/page"}],"author":[{"embeddable":true,"href":"https:\/\/steffi-luka.de\/en\/wp-json\/wp\/v2\/users\/1"}],"replies":[{"embeddable":true,"href":"https:\/\/steffi-luka.de\/en\/wp-json\/wp\/v2\/comments?post=5014"}],"version-history":[{"count":10,"href":"https:\/\/steffi-luka.de\/en\/wp-json\/wp\/v2\/pages\/5014\/revisions"}],"predecessor-version":[{"id":5065,"href":"https:\/\/steffi-luka.de\/en\/wp-json\/wp\/v2\/pages\/5014\/revisions\/5065"}],"wp:attachment":[{"href":"https:\/\/steffi-luka.de\/en\/wp-json\/wp\/v2\/media?parent=5014"}],"curies":[{"name":"wp","href":"https:\/\/api.w.org\/{rel}","templated":true}]}}